{"id":949,"date":"2017-12-26T15:38:18","date_gmt":"2017-12-26T15:38:18","guid":{"rendered":"http:\/\/dearlisbon.com\/bordalohouse\/?page_id=949"},"modified":"2020-10-14T09:12:49","modified_gmt":"2020-10-14T09:12:49","slug":"home","status":"publish","type":"page","link":"https:\/\/dearlisbon.com\/bordalohouse\/home\/?lang=pt-pt","title":{"rendered":"Home"},"content":{"rendered":"<div class=\"wpb-content-wrapper\"><p>[vc_row full_width=&#8221;stretch_row&#8221;][vc_column]<link href=\"https:\/\/fonts.googleapis.com\/css?family=Roboto:400\" rel=\"stylesheet\" property=\"stylesheet\" type=\"text\/css\" media=\"all\">\n<div id=\"rev_slider_6_1_wrapper\" class=\"rev_slider_wrapper fullscreen-container\" data-source=\"gallery\" style=\"background:transparent;padding:0px;\">\n<!-- START REVOLUTION SLIDER 5.4.6.4 fullscreen mode -->\n\t<div id=\"rev_slider_6_1\" class=\"rev_slider fullscreenbanner\" style=\"display:none;\" data-version=\"5.4.6.4\">\n<ul>\t<!-- SLIDE  -->\n\t<li data-index=\"rs-37\" data-transition=\"fade\" data-slotamount=\"default\" data-hideafterloop=\"0\" data-hideslideonmobile=\"off\"  data-easein=\"default\" data-easeout=\"default\" data-masterspeed=\"300\"  data-thumb=\"https:\/\/dearlisbon.com\/bordalohouse\/wp-content\/uploads\/2017\/12\/home-100x50.jpg\"  data-rotate=\"0\"  data-saveperformance=\"off\"  data-title=\"Slide\" data-param1=\"\" data-param2=\"\" data-param3=\"\" data-param4=\"\" data-param5=\"\" data-param6=\"\" data-param7=\"\" data-param8=\"\" data-param9=\"\" data-param10=\"\" data-description=\"\">\n\t\t<!-- MAIN IMAGE -->\n\t\t<img loading=\"lazy\" decoding=\"async\" src=\"https:\/\/dearlisbon.com\/bordalohouse\/wp-content\/uploads\/2017\/12\/home.jpg\"  alt=\"Dear Lisbon Houses - Bordalo House\" title=\"Bordalo House &#8211; Dear Lisbon\"  width=\"1300\" height=\"800\" data-bgposition=\"center center\" data-bgfit=\"cover\" data-bgrepeat=\"no-repeat\" class=\"rev-slidebg\" data-no-retina>\n\t\t<!-- LAYERS -->\n\n\t\t<!-- LAYER NR. 1 -->\n\t\t<div class=\"tp-caption   tp-resizeme\" \n\t\t\t id=\"slide-37-layer-1\" \n\t\t\t data-x=\"center\" data-hoffset=\"1\" \n\t\t\t data-y=\"center\" data-voffset=\"-61\" \n\t\t\t\t\t\tdata-width=\"['auto']\"\n\t\t\tdata-height=\"['auto']\"\n \n\t\t\tdata-type=\"text\" \n\t\t\tdata-responsive_offset=\"on\" \n\n\t\t\tdata-frames='[{\"delay\":10,\"speed\":700,\"frame\":\"0\",\"from\":\"opacity:0;\",\"to\":\"o:1;\",\"ease\":\"Power3.easeInOut\"},{\"delay\":\"+5190\",\"speed\":600,\"frame\":\"999\",\"to\":\"opacity:0;\",\"ease\":\"Power3.easeInOut\"}]'\n\t\t\tdata-textAlign=\"['inherit','inherit','inherit','inherit']\"\n\t\t\tdata-paddingtop=\"[0,0,0,0]\"\n\t\t\tdata-paddingright=\"[0,0,0,0]\"\n\t\t\tdata-paddingbottom=\"[0,0,0,0]\"\n\t\t\tdata-paddingleft=\"[0,0,0,0]\"\n\n\t\t\tstyle=\"z-index: 5; white-space: nowrap; font-size: 16px; line-height: 22px; font-weight: 400; color: rgba(255,255,255,1); letter-spacing: px;font-family:Roboto;\">DL BORDALO HOUSE <\/div>\n\n\t\t<!-- LAYER NR. 2 -->\n\t\t<div class=\"tp-caption   tp-resizeme\" \n\t\t\t id=\"slide-37-layer-4\" \n\t\t\t data-x=\"center\" data-hoffset=\"\" \n\t\t\t data-y=\"center\" data-voffset=\"-4\" \n\t\t\t\t\t\tdata-width=\"['auto']\"\n\t\t\tdata-height=\"['auto']\"\n \n\t\t\tdata-type=\"text\" \n\t\t\tdata-responsive_offset=\"on\" \n\n\t\t\tdata-frames='[{\"delay\":10,\"speed\":700,\"frame\":\"0\",\"from\":\"y:-50px;opacity:0;\",\"to\":\"o:1;\",\"ease\":\"Power3.easeInOut\"},{\"delay\":\"+5190\",\"speed\":600,\"frame\":\"999\",\"to\":\"opacity:0;\",\"ease\":\"Power3.easeInOut\"}]'\n\t\t\tdata-textAlign=\"['inherit','inherit','inherit','inherit']\"\n\t\t\tdata-paddingtop=\"[0,0,0,0]\"\n\t\t\tdata-paddingright=\"[0,0,0,0]\"\n\t\t\tdata-paddingbottom=\"[0,0,0,0]\"\n\t\t\tdata-paddingleft=\"[0,0,0,0]\"\n\n\t\t\tstyle=\"z-index: 6; white-space: nowrap; font-size: 60px; line-height: 22px; font-weight: 400; color: rgba(255,255,255,1); letter-spacing: px;font-family:Roboto;\">Venha viver <\/div>\n\n\t\t<!-- LAYER NR. 3 -->\n\t\t<div class=\"tp-caption   tp-resizeme\" \n\t\t\t id=\"slide-37-layer-9\" \n\t\t\t data-x=\"center\" data-hoffset=\"\" \n\t\t\t data-y=\"center\" data-voffset=\"61\" \n\t\t\t\t\t\tdata-width=\"['auto']\"\n\t\t\tdata-height=\"['auto']\"\n \n\t\t\tdata-type=\"text\" \n\t\t\tdata-responsive_offset=\"on\" \n\n\t\t\tdata-frames='[{\"delay\":10,\"speed\":700,\"frame\":\"0\",\"from\":\"y:-50px;opacity:0;\",\"to\":\"o:1;\",\"ease\":\"Power3.easeInOut\"},{\"delay\":\"+5190\",\"speed\":600,\"frame\":\"999\",\"to\":\"opacity:0;\",\"ease\":\"Power3.easeInOut\"}]'\n\t\t\tdata-textAlign=\"['inherit','inherit','inherit','inherit']\"\n\t\t\tdata-paddingtop=\"[0,0,0,0]\"\n\t\t\tdata-paddingright=\"[0,0,0,0]\"\n\t\t\tdata-paddingbottom=\"[0,0,0,0]\"\n\t\t\tdata-paddingleft=\"[0,0,0,0]\"\n\n\t\t\tstyle=\"z-index: 7; white-space: nowrap; font-size: 60px; line-height: 22px; font-weight: 400; color: rgba(255,255,255,1); letter-spacing: px;font-family:Roboto;\">a nossa Lisboa alfacinha <\/div>\n\t<\/li>\n\t<!-- SLIDE  -->\n\t<li data-index=\"rs-38\" data-transition=\"fade\" data-slotamount=\"default\" data-hideafterloop=\"0\" data-hideslideonmobile=\"off\"  data-easein=\"default\" data-easeout=\"default\" data-masterspeed=\"300\"  data-thumb=\"https:\/\/dearlisbon.com\/bordalohouse\/wp-content\/uploads\/2017\/12\/home1-100x50.jpg\"  data-rotate=\"0\"  data-saveperformance=\"off\"  data-title=\"Slide\" data-param1=\"\" data-param2=\"\" data-param3=\"\" data-param4=\"\" data-param5=\"\" data-param6=\"\" data-param7=\"\" data-param8=\"\" data-param9=\"\" data-param10=\"\" data-description=\"\">\n\t\t<!-- MAIN IMAGE -->\n\t\t<img loading=\"lazy\" decoding=\"async\" src=\"https:\/\/dearlisbon.com\/bordalohouse\/wp-content\/uploads\/2017\/12\/home1.jpg\"  alt=\"Dear Lisbon Houses - Bordalo House\" title=\"Bordalo House &#8211; Dear Lisbon Houses\"  width=\"1300\" height=\"800\" data-bgposition=\"center center\" data-bgfit=\"cover\" data-bgrepeat=\"no-repeat\" class=\"rev-slidebg\" data-no-retina>\n\t\t<!-- LAYERS -->\n\t<\/li>\n\t<!-- SLIDE  -->\n\t<li data-index=\"rs-39\" data-transition=\"fade\" data-slotamount=\"default\" data-hideafterloop=\"0\" data-hideslideonmobile=\"off\"  data-easein=\"default\" data-easeout=\"default\" data-masterspeed=\"300\"  data-thumb=\"https:\/\/dearlisbon.com\/bordalohouse\/wp-content\/uploads\/2017\/12\/home6-100x50.jpg\"  data-rotate=\"0\"  data-saveperformance=\"off\"  data-title=\"Slide\" data-param1=\"\" data-param2=\"\" data-param3=\"\" data-param4=\"\" data-param5=\"\" data-param6=\"\" data-param7=\"\" data-param8=\"\" data-param9=\"\" data-param10=\"\" data-description=\"\">\n\t\t<!-- MAIN IMAGE -->\n\t\t<img loading=\"lazy\" decoding=\"async\" src=\"https:\/\/dearlisbon.com\/bordalohouse\/wp-content\/uploads\/2017\/12\/home6.jpg\"  alt=\"Dear Lisbon Houses - Bordalo House\" title=\"Bordalo House &#8211; Dear Lisbon Houses\"  width=\"1300\" height=\"800\" data-bgposition=\"center center\" data-bgfit=\"cover\" data-bgrepeat=\"no-repeat\" class=\"rev-slidebg\" data-no-retina>\n\t\t<!-- LAYERS -->\n\t<\/li>\n\t<!-- SLIDE  -->\n\t<li data-index=\"rs-40\" data-transition=\"fade\" data-slotamount=\"default\" data-hideafterloop=\"0\" data-hideslideonmobile=\"off\"  data-easein=\"default\" data-easeout=\"default\" data-masterspeed=\"300\"  data-thumb=\"https:\/\/dearlisbon.com\/bordalohouse\/wp-content\/uploads\/2017\/12\/home5-100x50.jpg\"  data-rotate=\"0\"  data-saveperformance=\"off\"  data-title=\"Slide\" data-param1=\"\" data-param2=\"\" data-param3=\"\" data-param4=\"\" data-param5=\"\" data-param6=\"\" data-param7=\"\" data-param8=\"\" data-param9=\"\" data-param10=\"\" data-description=\"\">\n\t\t<!-- MAIN IMAGE -->\n\t\t<img loading=\"lazy\" decoding=\"async\" src=\"https:\/\/dearlisbon.com\/bordalohouse\/wp-content\/uploads\/2017\/12\/home5.jpg\"  alt=\"Dear Lisbon Houses - Bordalo House\" title=\"Bordalo House &#8211; Dear Lisbon Houses\"  width=\"1300\" height=\"800\" data-bgposition=\"center center\" data-bgfit=\"cover\" data-bgrepeat=\"no-repeat\" class=\"rev-slidebg\" data-no-retina>\n\t\t<!-- LAYERS -->\n\t<\/li>\n\t<!-- SLIDE  -->\n\t<li data-index=\"rs-41\" data-transition=\"fade\" data-slotamount=\"default\" data-hideafterloop=\"0\" data-hideslideonmobile=\"off\"  data-easein=\"default\" data-easeout=\"default\" data-masterspeed=\"300\"  data-thumb=\"https:\/\/dearlisbon.com\/bordalohouse\/wp-content\/uploads\/2017\/12\/home3-100x50.jpg\"  data-rotate=\"0\"  data-saveperformance=\"off\"  data-title=\"Slide\" data-param1=\"\" data-param2=\"\" data-param3=\"\" data-param4=\"\" data-param5=\"\" data-param6=\"\" data-param7=\"\" data-param8=\"\" data-param9=\"\" data-param10=\"\" data-description=\"\">\n\t\t<!-- MAIN IMAGE -->\n\t\t<img loading=\"lazy\" decoding=\"async\" src=\"https:\/\/dearlisbon.com\/bordalohouse\/wp-content\/uploads\/2017\/12\/home3.jpg\"  alt=\"Dear Lisbon Houses - Bordalo House\" title=\"Bordalo House &#8211; Dear Lisbon Houses\"  width=\"1300\" height=\"800\" data-bgposition=\"center center\" data-bgfit=\"cover\" data-bgrepeat=\"no-repeat\" class=\"rev-slidebg\" data-no-retina>\n\t\t<!-- LAYERS -->\n\t<\/li>\n<\/ul>\n<script>var htmlDiv = document.getElementById(\"rs-plugin-settings-inline-css\"); var htmlDivCss=\"\";\r\n\t\t\t\t\t\tif(htmlDiv) {\r\n\t\t\t\t\t\t\thtmlDiv.innerHTML = htmlDiv.innerHTML + htmlDivCss;\r\n\t\t\t\t\t\t}else{\r\n\t\t\t\t\t\t\tvar htmlDiv = document.createElement(\"div\");\r\n\t\t\t\t\t\t\thtmlDiv.innerHTML = \"<style>\" + htmlDivCss + \"<\/style>\";\r\n\t\t\t\t\t\t\tdocument.getElementsByTagName(\"head\")[0].appendChild(htmlDiv.childNodes[0]);\r\n\t\t\t\t\t\t}\r\n\t\t\t\t\t<\/script>\n<div class=\"tp-bannertimer\" style=\"height: 5px; background: rgba(255,255,255,0.75);\"><\/div>\t<\/div>\n<script>var htmlDiv = document.getElementById(\"rs-plugin-settings-inline-css\"); var htmlDivCss=\"\";\r\n\t\t\t\tif(htmlDiv) {\r\n\t\t\t\t\thtmlDiv.innerHTML = htmlDiv.innerHTML + htmlDivCss;\r\n\t\t\t\t}else{\r\n\t\t\t\t\tvar htmlDiv = document.createElement(\"div\");\r\n\t\t\t\t\thtmlDiv.innerHTML = \"<style>\" + htmlDivCss + \"<\/style>\";\r\n\t\t\t\t\tdocument.getElementsByTagName(\"head\")[0].appendChild(htmlDiv.childNodes[0]);\r\n\t\t\t\t}\r\n\t\t\t<\/script>\n\t\t<script type=\"text\/javascript\">\r\nsetREVStartSize({c: jQuery('#rev_slider_6_1'), gridwidth: [1240], gridheight: [868], sliderLayout: 'fullscreen', fullScreenAutoWidth:'off', fullScreenAlignForce:'off', fullScreenOffsetContainer:'', fullScreenOffset:''});\r\n\t\t\t\r\nvar revapi6,\r\n\ttpj=jQuery;\r\n\t\t\t\r\ntpj(document).ready(function() {\n\tif(tpj(\"#rev_slider_6_1\").revolution == undefined){\n\t\trevslider_showDoubleJqueryError(\"#rev_slider_6_1\");\n\t}else{\n\t\trevapi6 = tpj(\"#rev_slider_6_1\").show().revolution({\n\t\t\tsliderType:\"standard\",\n\t\t\tjsFileLocation:\"\/\/dearlisbon.com\/bordalohouse\/wp-content\/plugins\/revslider\/public\/assets\/js\/\",\n\t\t\tsliderLayout:\"fullscreen\",\n\t\t\tdottedOverlay:\"none\",\n\t\t\tdelay:6500,\n\t\t\tnavigation: {\n\t\t\t\tkeyboardNavigation:\"off\",\n\t\t\t\tkeyboard_direction: \"horizontal\",\n\t\t\t\tmouseScrollNavigation:\"off\",\n \t\t\t\t\t\t\tmouseScrollReverse:\"default\",\n\t\t\t\tonHoverStop:\"off\",\n\t\t\t\tarrows: {\n\t\t\t\t\tstyle:\"hesperiden\",\n\t\t\t\t\tenable:true,\n\t\t\t\t\thide_onmobile:false,\n\t\t\t\t\thide_onleave:false,\n\t\t\t\t\ttmp:'',\n\t\t\t\t\tleft: {\n\t\t\t\t\t\th_align:\"left\",\n\t\t\t\t\t\tv_align:\"center\",\n\t\t\t\t\t\th_offset:20,\n\t\t\t\t\t\tv_offset:0\n\t\t\t\t\t},\n\t\t\t\t\tright: {\n\t\t\t\t\t\th_align:\"right\",\n\t\t\t\t\t\tv_align:\"center\",\n\t\t\t\t\t\th_offset:20,\n\t\t\t\t\t\tv_offset:0\n\t\t\t\t\t}\n\t\t\t\t}\n\t\t\t},\n\t\t\tvisibilityLevels:[1240,1024,778,480],\n\t\t\tgridwidth:1240,\n\t\t\tgridheight:868,\n\t\t\tlazyType:\"none\",\n\t\t\tshadow:0,\n\t\t\tspinner:\"spinner0\",\n\t\t\tstopLoop:\"off\",\n\t\t\tstopAfterLoops:-1,\n\t\t\tstopAtSlide:-1,\n\t\t\tshuffle:\"off\",\n\t\t\tautoHeight:\"off\",\n\t\t\tfullScreenAutoWidth:\"off\",\n\t\t\tfullScreenAlignForce:\"off\",\n\t\t\tfullScreenOffsetContainer: \"\",\n\t\t\tfullScreenOffset: \"\",\n\t\t\thideThumbsOnMobile:\"off\",\n\t\t\thideSliderAtLimit:0,\n\t\t\thideCaptionAtLimit:0,\n\t\t\thideAllCaptionAtLilmit:0,\n\t\t\tdebugMode:false,\n\t\t\tfallbacks: {\n\t\t\t\tsimplifyAll:\"off\",\n\t\t\t\tnextSlideOnWindowFocus:\"off\",\n\t\t\t\tdisableFocusListener:false,\n\t\t\t}\n\t\t});\n\t}\n\t\n});\t\/*ready*\/\n<\/script>\r\n\t\t<script>\r\n\t\t\t\t\tvar htmlDivCss = unescape(\".hesperiden.tparrows%20%7B%0A%09cursor%3Apointer%3B%0A%09background%3Argba%280%2C0%2C0%2C0.5%29%3B%0A%09width%3A40px%3B%0A%09height%3A40px%3B%0A%09position%3Aabsolute%3B%0A%09display%3Ablock%3B%0A%09z-index%3A100%3B%0A%20%20%20%20border-radius%3A%2050%25%3B%0A%7D%0A.hesperiden.tparrows%3Ahover%20%7B%0A%09background%3Argba%280%2C%200%2C%200%2C%201%29%3B%0A%7D%0A.hesperiden.tparrows%3Abefore%20%7B%0A%09font-family%3A%20%22revicons%22%3B%0A%09font-size%3A20px%3B%0A%09color%3Argb%28255%2C%20255%2C%20255%29%3B%0A%09display%3Ablock%3B%0A%09line-height%3A%2040px%3B%0A%09text-align%3A%20center%3B%0A%7D%0A.hesperiden.tparrows.tp-leftarrow%3Abefore%20%7B%0A%09content%3A%20%22%5Ce82c%22%3B%0A%20%20%20%20margin-left%3A-3px%3B%0A%7D%0A.hesperiden.tparrows.tp-rightarrow%3Abefore%20%7B%0A%09content%3A%20%22%5Ce82d%22%3B%0A%20%20%20%20margin-right%3A-3px%3B%0A%7D%0A\");\r\n\t\t\t\t\tvar htmlDiv = document.getElementById('rs-plugin-settings-inline-css');\r\n\t\t\t\t\tif(htmlDiv) {\r\n\t\t\t\t\t\thtmlDiv.innerHTML = htmlDiv.innerHTML + htmlDivCss;\r\n\t\t\t\t\t}\r\n\t\t\t\t\telse{\r\n\t\t\t\t\t\tvar htmlDiv = document.createElement('div');\r\n\t\t\t\t\t\thtmlDiv.innerHTML = '<style>' + htmlDivCss + '<\/style>';\r\n\t\t\t\t\t\tdocument.getElementsByTagName('head')[0].appendChild(htmlDiv.childNodes[0]);\r\n\t\t\t\t\t}\r\n\t\t\t\t  <\/script>\r\n\t\t\t\t<\/div><!-- END REVOLUTION SLIDER -->[\/vc_column][\/vc_row][vc_row full_width=&#8221;stretch_row&#8221; equal_height=&#8221;yes&#8221; content_placement=&#8221;middle&#8221; css=&#8221;.vc_custom_1512852843847{padding-top: 5% !important;padding-right: 10% !important;padding-bottom: 5% !important;padding-left: 10% !important;background-color: #b72025 !important;background-position: 0 0 !important;background-repeat: repeat !important;}&#8221;][vc_column width=&#8221;1\/2&#8243; css=&#8221;.vc_custom_1477664303103{background-position: center !important;background-repeat: no-repeat !important;background-size: cover !important;}&#8221;][vc_column_text css_animation=&#8221;top-to-bottom&#8221; el_class=&#8221;green&#8221;]<\/p>\n<h3 style=\"text-align: left;\"><strong>DL<sup>\u00ae\u00a0<\/sup>Bordalo House<\/strong><\/h3>\n<h5 style=\"text-align: left;\"><strong>Largo Rafael Bordalo Pinheiro 31,<br \/>\n1200-369 Lisboa<\/strong><\/h5>\n<h5>reservations@dearlisbon.com<br \/>\n+351 936 666 939<\/h5>\n<h5>dlbordalo@dearlisbon.com<br \/>\n+351 932 200 710<\/h5>\n<p>[\/vc_column_text][\/vc_column][vc_column width=&#8221;1\/2&#8243;][vc_column_text css_animation=&#8221;top-to-bottom&#8221; el_class=&#8221;green&#8221;]Ter uma casa na pra\u00e7a dedicada a um dos maiores artistas pl\u00e1sticos portugueses do s\u00e9culo XIX \u00e9 uma grande responsabilidade. Na Bordalo House, tivemos aten\u00e7\u00e3o a cada detalhe, para que se sinta t\u00e3o inspirado c\u00e1 dentro como se sente l\u00e1 fora. N\u00e3o \u00e9 novidade que a Pra\u00e7a Rafael Bordalo Pinheiro \u00e9 famosa por ser um dos locais mais animados da cidade, transcendendo tend\u00eancias e esta\u00e7\u00f5es do ano. Estamos \u00e0 sua espera, para juntos celebrarmos quem lhe deu o nome.[\/vc_column_text][\/vc_column][\/vc_row][vc_row full_width=&#8221;stretch_row&#8221; equal_height=&#8221;yes&#8221; content_placement=&#8221;middle&#8221; css=&#8221;.vc_custom_1512852900919{padding-top: 5% !important;padding-right: 4% !important;padding-bottom: 5% !important;padding-left: 4% !important;background-color: #ead8d3 !important;}&#8221;][vc_column width=&#8221;1\/3&#8243; css=&#8221;.vc_custom_1477664303103{background-position: center !important;background-repeat: no-repeat !important;background-size: cover !important;}&#8221;][vc_single_image image=&#8221;840&#8243; img_size=&#8221;full&#8221; css_animation=&#8221;top-to-bottom&#8221;][vc_column_text css_animation=&#8221;top-to-bottom&#8221; css=&#8221;.vc_custom_1514385615194{padding-top: 10% !important;padding-right: 2% !important;padding-left: 2% !important;}&#8221; el_class=&#8221;teasers&#8221;]<\/p>\n<h3><strong>As Suites<\/strong><\/h3>\n<p class=\"p1\">No Dear Lisbon Bordalo House temos nove suites luminosas, cada uma com uma personalidade \u00fanica&#8230;<\/p>\n<p>[\/vc_column_text][vc_btn title=&#8221;Ver mais&#8221; style=&#8221;outline&#8221; shape=&#8221;square&#8221; color=&#8221;inverse&#8221; size=&#8221;sm&#8221; align=&#8221;left&#8221; css_animation=&#8221;top-to-bottom&#8221; link=&#8221;url:http%3A%2F%2Fdearlisbon.com%2Fbordalohouse%2Fas-suites%2F%3Flang%3Dpt-pt|||&#8221; css=&#8221;.vc_custom_1514303587626{padding-left: 2% !important;}&#8221;][\/vc_column][vc_column width=&#8221;1\/3&#8243;][vc_single_image image=&#8221;632&#8243; img_size=&#8221;full&#8221; css_animation=&#8221;top-to-bottom&#8221;][vc_column_text css_animation=&#8221;top-to-bottom&#8221; css=&#8221;.vc_custom_1514302689227{padding-top: 10% !important;padding-right: 2% !important;padding-left: 2% !important;}&#8221; el_class=&#8221;teasers&#8221;]<\/p>\n<h3><strong>O Bairro<\/strong><\/h3>\n<p>Na pra\u00e7a Rafael Bordalo Pinheiro encontrar\u00e1 os restaurantes mais badalados, com comida de todo o mundo&#8230;[\/vc_column_text][vc_btn title=&#8221;Descubra mais&#8221; style=&#8221;outline&#8221; shape=&#8221;square&#8221; color=&#8221;inverse&#8221; size=&#8221;sm&#8221; align=&#8221;left&#8221; css_animation=&#8221;top-to-bottom&#8221; link=&#8221;url:http%3A%2F%2Fdearlisbon.com%2Fbordalohouse%2Fo-bairro%2F%3Flang%3Dpt-pt|||&#8221; css=&#8221;.vc_custom_1514303596536{padding-left: 2% !important;}&#8221;][\/vc_column][vc_column width=&#8221;1\/3&#8243;][vc_single_image image=&#8221;841&#8243; img_size=&#8221;full&#8221; css_animation=&#8221;top-to-bottom&#8221;][vc_column_text css_animation=&#8221;top-to-bottom&#8221; css=&#8221;.vc_custom_1514385652612{padding-top: 10% !important;padding-right: 2% !important;padding-left: 2% !important;}&#8221; el_class=&#8221;teasers&#8221;]<\/p>\n<h3>A Casa<\/h3>\n<p class=\"p1\">Combinamos harmoniosamente o passado e o presente para que se sinta bem desde o primeiro momento. Aqui vai ficar numa verdadeira casa Portuguesa&#8230;<\/p>\n<p>[\/vc_column_text][vc_btn title=&#8221;Ver a Casa&#8221; style=&#8221;outline&#8221; shape=&#8221;square&#8221; color=&#8221;inverse&#8221; size=&#8221;sm&#8221; align=&#8221;left&#8221; css_animation=&#8221;top-to-bottom&#8221; link=&#8221;url:http%3A%2F%2Fdearlisbon.com%2Fbordalohouse%2Fa-casa%2F%3Flang%3Dpt-pt|||&#8221; css=&#8221;.vc_custom_1514303605074{padding-left: 2% !important;}&#8221;][\/vc_column][\/vc_row]<\/p>\n<\/div>","protected":false},"excerpt":{"rendered":"<p>[vc_row full_width=&#8221;stretch_row&#8221;][vc_column][\/vc_column][\/vc_row][vc_row full_width=&#8221;stretch_row&#8221; equal_height=&#8221;yes&#8221; content_placement=&#8221;middle&#8221; css=&#8221;.vc_custom_1512852843847{padding-top: 5% !important;padding-right: 10% !important;padding-bottom: 5% !important;padding-left: 10% !important;background-color: #b72025 !important;background-position: 0 0 !important;background-repeat: repeat !important;}&#8221;][vc_column width=&#8221;1\/2&#8243; css=&#8221;.vc_custom_1477664303103{background-position: center !important;background-repeat: no-repeat !important;background-size: cover !important;}&#8221;][vc_column_text css_animation=&#8221;top-to-bottom&#8221; el_class=&#8221;green&#8221;] DL\u00ae\u00a0Bordalo House Largo Rafael Bordalo Pinheiro 31, 1200-369 Lisboa reservations@dearlisbon.com +351 936 666 939 dlbordalo@dearlisbon.com +351 932 200 710 [\/vc_column_text][\/vc_column][vc_column width=&#8221;1\/2&#8243;][vc_column_text css_animation=&#8221;top-to-bottom&#8221; el_class=&#8221;green&#8221;]Ter uma [&hellip;]<\/p>\n","protected":false},"author":1,"featured_media":0,"parent":0,"menu_order":0,"comment_status":"closed","ping_status":"open","template":"","meta":{"inline_featured_image":false,"footnotes":""},"class_list":["post-949","page","type-page","status-publish","hentry"],"_links":{"self":[{"href":"https:\/\/dearlisbon.com\/bordalohouse\/wp-json\/wp\/v2\/pages\/949","targetHints":{"allow":["GET"]}}],"collection":[{"href":"https:\/\/dearlisbon.com\/bordalohouse\/wp-json\/wp\/v2\/pages"}],"about":[{"href":"https:\/\/dearlisbon.com\/bordalohouse\/wp-json\/wp\/v2\/types\/page"}],"author":[{"embeddable":true,"href":"https:\/\/dearlisbon.com\/bordalohouse\/wp-json\/wp\/v2\/users\/1"}],"replies":[{"embeddable":true,"href":"https:\/\/dearlisbon.com\/bordalohouse\/wp-json\/wp\/v2\/comments?post=949"}],"version-history":[{"count":10,"href":"https:\/\/dearlisbon.com\/bordalohouse\/wp-json\/wp\/v2\/pages\/949\/revisions"}],"predecessor-version":[{"id":1020,"href":"https:\/\/dearlisbon.com\/bordalohouse\/wp-json\/wp\/v2\/pages\/949\/revisions\/1020"}],"wp:attachment":[{"href":"https:\/\/dearlisbon.com\/bordalohouse\/wp-json\/wp\/v2\/media?parent=949"}],"curies":[{"name":"wp","href":"https:\/\/api.w.org\/{rel}","templated":true}]}}