{"id":824,"date":"2018-03-09T18:00:18","date_gmt":"2018-03-09T18:00:18","guid":{"rendered":"http:\/\/dearlisbon.com\/galleryhouse\/?page_id=824"},"modified":"2018-03-09T18:00:18","modified_gmt":"2018-03-09T18:00:18","slug":"a-vizinhanca","status":"publish","type":"page","link":"https:\/\/dearlisbon.com\/galleryhouse\/a-vizinhanca\/?lang=pt-pt","title":{"rendered":"A vizinhan\u00e7a"},"content":{"rendered":"<div class=\"wpb-content-wrapper\"><p>[vc_row full_width=&#8221;stretch_row&#8221; css=&#8221;.vc_custom_1506270543026{padding-top: 220px !important;padding-bottom: 220px !important;background-image: url(https:\/\/dearlisbon.com\/galleryhouse\/wp-content\/uploads\/2016\/10\/lisboa17.jpg?id=254) !important;background-position: center !important;background-repeat: no-repeat !important;background-size: cover !important;}&#8221;][vc_column][vc_column_text el_class=&#8221;white&#8221;]<\/p>\n<h2 style=\"text-align: center;\">Comida\u00a0\u00b7 Cultura \u00b7 Lojas<\/h2>\n<p>[\/vc_column_text][\/vc_column][\/vc_row][vc_row full_width=&#8221;stretch_row&#8221; equal_height=&#8221;yes&#8221; content_placement=&#8221;middle&#8221; css=&#8221;.vc_custom_1506270423689{padding-top: 0px !important;padding-right: 0px !important;padding-bottom: 0px !important;padding-left: 0px !important;background-color: #00324a !important;background-position: 0 0 !important;background-repeat: repeat !important;}&#8221;][vc_column css=&#8221;.vc_custom_1476997760863{margin-top: 0px !important;margin-right: 0px !important;margin-bottom: 0px !important;margin-left: 0px !important;background-position: center !important;background-repeat: no-repeat !important;background-size: cover !important;}&#8221;][vc_row_inner css=&#8221;.vc_custom_1477329156507{padding-top: 5% !important;padding-right: 10% !important;padding-bottom: 5% !important;padding-left: 10% !important;}&#8221;][vc_column_inner width=&#8221;1\/2&#8243; css=&#8221;.vc_custom_1506270596705{border-top-width: 1px !important;padding-top: 2% !important;border-top-color: #ffffff !important;border-top-style: solid !important;}&#8221;][vc_column_text el_class=&#8221;green&#8221;]<\/p>\n<h3 style=\"text-align: left;\"><strong>S\u00c3O BENTO<\/strong><\/h3>\n<p>[\/vc_column_text][\/vc_column_inner][vc_column_inner width=&#8221;1\/2&#8243; css=&#8221;.vc_custom_1506270602995{border-top-width: 1px !important;padding-top: 2% !important;border-top-color: #ffffff !important;border-top-style: solid !important;}&#8221;][vc_column_text el_class=&#8221;green&#8221;]A DL Gallery House fica na Rua de S\u00e3o Bento, uma rua bastante peculiar. Aqui encontrar\u00e1 de tudo um pouco, de carpinteiros portugueses a baguetes francesas, restaurantes tradicionais a mercearias modernas e at\u00e9 o maior \u00edcone de Lisboa, o el\u00e9trico 28 \u2013 o qual atravessa todas as colinas. O melhor \u00e9 mesmo o nosso edif\u00edcio e comunidade. O que foi um dia um est\u00e1bulo, \u00e9 hoje um dos espa\u00e7os de co-work mais procurados da cidade. Venha dizer \u2018hello\u2019 aos n\u00f3madas digitais, mas n\u00e3o se esque\u00e7a de dizer \u2018bom dia\u2019 \u00e0s vizinhas. P.S: Sem planos? Diga-nos o que mais gosta e teremos todo o gosto em lhe dar sugest\u00f5es personalizadas. Segredos inclu\u00eddos.[\/vc_column_text][\/vc_column_inner][\/vc_row_inner][\/vc_column][\/vc_row][vc_row full_width=&#8221;stretch_row&#8221; content_placement=&#8221;top&#8221; css=&#8221;.vc_custom_1477427373673{margin-top: 0px !important;margin-right: 0px !important;margin-left: 0px !important;padding-top: 0px !important;padding-right: 0px !important;padding-bottom: 0px !important;padding-left: 0px !important;background-color: #ffffff !important;}&#8221;][vc_column css=&#8221;.vc_custom_1477430454580{margin-top: 0px !important;margin-right: 0px !important;margin-bottom: 0px !important;margin-left: 0px !important;padding-bottom: 0px !important;background-position: center !important;background-repeat: no-repeat !important;background-size: cover !important;}&#8221; el_class=&#8221;teaser&#8221;][vc_row_inner css=&#8221;.vc_custom_1477430376718{margin-top: 0px !important;margin-right: 0px !important;margin-bottom: 0px !important;margin-left: 0px !important;border-top-width: 0px !important;border-right-width: 0px !important;border-bottom-width: 0px !important;border-left-width: 0px !important;padding-top: 0px !important;padding-right: 0px !important;padding-bottom: 0px !important;padding-left: 0px !important;}&#8221;][vc_column_inner width=&#8221;1\/3&#8243;]\n\t\t<a href=\"https:\/\/www.instagram.com\/explore\/tags\/miradouroadamastor\/\">\n\t\t\t<div class=\"hover-element hover-element-1 bg--primary\" data-title-position=\"top,center\">\n\t\t\t\t<div class=\"hover-element__initial\">\n\t\t\t\t\t<img loading=\"lazy\" decoding=\"async\" width=\"900\" height=\"600\" src=\"https:\/\/dearlisbon.com\/galleryhouse\/wp-content\/uploads\/2016\/10\/miradouro_adamastor.jpg\" class=\"attachment-large size-large\" alt=\"Dear Lisbon Charming House, Santa Catarina, Lisboa\" srcset=\"https:\/\/dearlisbon.com\/galleryhouse\/wp-content\/uploads\/2016\/10\/miradouro_adamastor.jpg 900w, https:\/\/dearlisbon.com\/galleryhouse\/wp-content\/uploads\/2016\/10\/miradouro_adamastor-300x200.jpg 300w, https:\/\/dearlisbon.com\/galleryhouse\/wp-content\/uploads\/2016\/10\/miradouro_adamastor-768x512.jpg 768w\" sizes=\"auto, (max-width: 900px) 100vw, 900px\" \/>\n\t\t\t\t<\/div>\n\t\t\t\t<div class=\"hover-element__reveal\" data-overlay=\"9\">\n\t\t\t\t\t<div class=\"boxed\">\n\t\t\t\t\t\t<h5>Miradouro O Adamastor<\/h5>\n\t\t\t\t\t\t<span><em>View Point<\/em><\/span>\n\t\t\t\t\t<\/div>\n\t\t\t\t<\/div>\n\t\t\t<\/div><!--end hover element-->\n\t\t<\/a>\n\t[\/vc_column_inner][vc_column_inner width=&#8221;1\/3&#8243;]\n\t\t<a href=\"http:\/\/www.timeoutmarket.com\/\">\n\t\t\t<div class=\"hover-element hover-element-1 bg--primary\" data-title-position=\"top,center\">\n\t\t\t\t<div class=\"hover-element__initial\">\n\t\t\t\t\t<img loading=\"lazy\" decoding=\"async\" width=\"900\" height=\"600\" src=\"https:\/\/dearlisbon.com\/galleryhouse\/wp-content\/uploads\/2016\/10\/TO.jpg\" class=\"attachment-large size-large\" alt=\"Dear Lisbon Charming House, Santa Catarina, Lisboa\" srcset=\"https:\/\/dearlisbon.com\/galleryhouse\/wp-content\/uploads\/2016\/10\/TO.jpg 900w, https:\/\/dearlisbon.com\/galleryhouse\/wp-content\/uploads\/2016\/10\/TO-300x200.jpg 300w, https:\/\/dearlisbon.com\/galleryhouse\/wp-content\/uploads\/2016\/10\/TO-768x512.jpg 768w\" sizes=\"auto, (max-width: 900px) 100vw, 900px\" \/>\n\t\t\t\t<\/div>\n\t\t\t\t<div class=\"hover-element__reveal\" data-overlay=\"9\">\n\t\t\t\t\t<div class=\"boxed\">\n\t\t\t\t\t\t<h5>Time Out Market<\/h5>\n\t\t\t\t\t\t<span><em>Food Market<\/em><\/span>\n\t\t\t\t\t<\/div>\n\t\t\t\t<\/div>\n\t\t\t<\/div><!--end hover element-->\n\t\t<\/a>\n\t[\/vc_column_inner][vc_column_inner width=&#8221;1\/3&#8243;]\n\t\t<a href=\"http:\/\/www.galeriasdesaobento.com\/\">\n\t\t\t<div class=\"hover-element hover-element-1 bg--primary\" data-title-position=\"top,center\">\n\t\t\t\t<div class=\"hover-element__initial\">\n\t\t\t\t\t<img loading=\"lazy\" decoding=\"async\" width=\"900\" height=\"600\" src=\"https:\/\/dearlisbon.com\/galleryhouse\/wp-content\/uploads\/2016\/10\/galerias_sao_bento.jpg\" class=\"attachment-large size-large\" alt=\"Dear Lisbon Charming House, Santa Catarina, Lisboa\" srcset=\"https:\/\/dearlisbon.com\/galleryhouse\/wp-content\/uploads\/2016\/10\/galerias_sao_bento.jpg 900w, https:\/\/dearlisbon.com\/galleryhouse\/wp-content\/uploads\/2016\/10\/galerias_sao_bento-300x200.jpg 300w, https:\/\/dearlisbon.com\/galleryhouse\/wp-content\/uploads\/2016\/10\/galerias_sao_bento-768x512.jpg 768w\" sizes=\"auto, (max-width: 900px) 100vw, 900px\" \/>\n\t\t\t\t<\/div>\n\t\t\t\t<div class=\"hover-element__reveal\" data-overlay=\"9\">\n\t\t\t\t\t<div class=\"boxed\">\n\t\t\t\t\t\t<h5>Galerias de S\u00e3o Bento<\/h5>\n\t\t\t\t\t\t<span><em>Shop<\/em><\/span>\n\t\t\t\t\t<\/div>\n\t\t\t\t<\/div>\n\t\t\t<\/div><!--end hover element-->\n\t\t<\/a>\n\t[\/vc_column_inner][\/vc_row_inner][vc_row_inner css=&#8221;.vc_custom_1477430369439{margin-top: 0px !important;margin-right: 0px !important;margin-bottom: 0px !important;margin-left: 0px !important;border-top-width: 0px !important;border-right-width: 0px !important;border-bottom-width: 0px !important;border-left-width: 0px !important;padding-top: 0px !important;padding-right: 0px !important;padding-bottom: 0px !important;padding-left: 0px !important;}&#8221;][vc_column_inner width=&#8221;1\/3&#8243;]\n\t\t<a href=\"http:\/\/www.avidaportuguesa.com\">\n\t\t\t<div class=\"hover-element hover-element-1 bg--primary\" data-title-position=\"top,center\">\n\t\t\t\t<div class=\"hover-element__initial\">\n\t\t\t\t\t<img loading=\"lazy\" decoding=\"async\" width=\"900\" height=\"600\" src=\"https:\/\/dearlisbon.com\/galleryhouse\/wp-content\/uploads\/2016\/10\/VidaPortuguesaloja.jpg\" class=\"attachment-large size-large\" alt=\"Dear Lisbon Charming House, Santa Catarina, Lisboa\" srcset=\"https:\/\/dearlisbon.com\/galleryhouse\/wp-content\/uploads\/2016\/10\/VidaPortuguesaloja.jpg 900w, https:\/\/dearlisbon.com\/galleryhouse\/wp-content\/uploads\/2016\/10\/VidaPortuguesaloja-300x200.jpg 300w, https:\/\/dearlisbon.com\/galleryhouse\/wp-content\/uploads\/2016\/10\/VidaPortuguesaloja-768x512.jpg 768w\" sizes=\"auto, (max-width: 900px) 100vw, 900px\" \/>\n\t\t\t\t<\/div>\n\t\t\t\t<div class=\"hover-element__reveal\" data-overlay=\"9\">\n\t\t\t\t\t<div class=\"boxed\">\n\t\t\t\t\t\t<h5>A Vida Portuguesa<\/h5>\n\t\t\t\t\t\t<span><em>Shop<\/em><\/span>\n\t\t\t\t\t<\/div>\n\t\t\t\t<\/div>\n\t\t\t<\/div><!--end hover element-->\n\t\t<\/a>\n\t[\/vc_column_inner][vc_column_inner width=&#8221;1\/3&#8243;]\n\t\t<a href=\"http:\/\/www.museudearteantiga.pt\">\n\t\t\t<div class=\"hover-element hover-element-1 bg--primary\" data-title-position=\"top,center\">\n\t\t\t\t<div class=\"hover-element__initial\">\n\t\t\t\t\t<img loading=\"lazy\" decoding=\"async\" width=\"900\" height=\"600\" src=\"https:\/\/dearlisbon.com\/galleryhouse\/wp-content\/uploads\/2016\/10\/Museu_de_Arte_Antiga.jpg\" class=\"attachment-large size-large\" alt=\"Dear Lisbon Charming House, Santa Catarina, Lisboa\" srcset=\"https:\/\/dearlisbon.com\/galleryhouse\/wp-content\/uploads\/2016\/10\/Museu_de_Arte_Antiga.jpg 900w, https:\/\/dearlisbon.com\/galleryhouse\/wp-content\/uploads\/2016\/10\/Museu_de_Arte_Antiga-300x200.jpg 300w, https:\/\/dearlisbon.com\/galleryhouse\/wp-content\/uploads\/2016\/10\/Museu_de_Arte_Antiga-768x512.jpg 768w\" sizes=\"auto, (max-width: 900px) 100vw, 900px\" \/>\n\t\t\t\t<\/div>\n\t\t\t\t<div class=\"hover-element__reveal\" data-overlay=\"9\">\n\t\t\t\t\t<div class=\"boxed\">\n\t\t\t\t\t\t<h5>Museu de Arte Antiga<\/h5>\n\t\t\t\t\t\t<span><em>Museum<\/em><\/span>\n\t\t\t\t\t<\/div>\n\t\t\t\t<\/div>\n\t\t\t<\/div><!--end hover element-->\n\t\t<\/a>\n\t[\/vc_column_inner][vc_column_inner width=&#8221;1\/3&#8243;]\n\t\t<a href=\"https:\/\/www.instagram.com\/o_asiatico_chefkiko\/\">\n\t\t\t<div class=\"hover-element hover-element-1 bg--primary\" data-title-position=\"top,center\">\n\t\t\t\t<div class=\"hover-element__initial\">\n\t\t\t\t\t<img loading=\"lazy\" decoding=\"async\" width=\"900\" height=\"600\" src=\"https:\/\/dearlisbon.com\/galleryhouse\/wp-content\/uploads\/2016\/10\/o_asiatico.jpg\" class=\"attachment-large size-large\" alt=\"Dear Lisbon Charming House, Santa Catarina, Lisboa\" srcset=\"https:\/\/dearlisbon.com\/galleryhouse\/wp-content\/uploads\/2016\/10\/o_asiatico.jpg 900w, https:\/\/dearlisbon.com\/galleryhouse\/wp-content\/uploads\/2016\/10\/o_asiatico-300x200.jpg 300w, https:\/\/dearlisbon.com\/galleryhouse\/wp-content\/uploads\/2016\/10\/o_asiatico-768x512.jpg 768w\" sizes=\"auto, (max-width: 900px) 100vw, 900px\" \/>\n\t\t\t\t<\/div>\n\t\t\t\t<div class=\"hover-element__reveal\" data-overlay=\"9\">\n\t\t\t\t\t<div class=\"boxed\">\n\t\t\t\t\t\t<h5>O Asi\u00e1tico<\/h5>\n\t\t\t\t\t\t<span><em>Restaurant<\/em><\/span>\n\t\t\t\t\t<\/div>\n\t\t\t\t<\/div>\n\t\t\t<\/div><!--end hover element-->\n\t\t<\/a>\n\t[\/vc_column_inner][\/vc_row_inner][\/vc_column][\/vc_row]<\/p>\n<\/div>","protected":false},"excerpt":{"rendered":"<p>[vc_row full_width=&#8221;stretch_row&#8221; css=&#8221;.vc_custom_1506270543026{padding-top: 220px !important;padding-bottom: 220px !important;background-image: url(https:\/\/dearlisbon.com\/galleryhouse\/wp-content\/uploads\/2016\/10\/lisboa17.jpg?id=254) !important;background-position: center !important;background-repeat: no-repeat !important;background-size: cover !important;}&#8221;][vc_column][vc_column_text el_class=&#8221;white&#8221;] Comida\u00a0\u00b7 Cultura \u00b7 Lojas [\/vc_column_text][\/vc_column][\/vc_row][vc_row full_width=&#8221;stretch_row&#8221; equal_height=&#8221;yes&#8221; content_placement=&#8221;middle&#8221; css=&#8221;.vc_custom_1506270423689{padding-top: 0px !important;padding-right: 0px !important;padding-bottom: 0px !important;padding-left: 0px !important;background-color: #00324a !important;background-position: 0 0 !important;background-repeat: repeat !important;}&#8221;][vc_column css=&#8221;.vc_custom_1476997760863{margin-top: 0px !important;margin-right: 0px !important;margin-bottom: 0px !important;margin-left: 0px !important;background-position: center !important;background-repeat: no-repeat !important;background-size: cover !important;}&#8221;][vc_row_inner [&hellip;]<\/p>\n","protected":false},"author":1,"featured_media":0,"parent":0,"menu_order":0,"comment_status":"closed","ping_status":"closed","template":"","meta":{"inline_featured_image":false,"footnotes":""},"class_list":["post-824","page","type-page","status-publish","hentry"],"_links":{"self":[{"href":"https:\/\/dearlisbon.com\/galleryhouse\/wp-json\/wp\/v2\/pages\/824","targetHints":{"allow":["GET"]}}],"collection":[{"href":"https:\/\/dearlisbon.com\/galleryhouse\/wp-json\/wp\/v2\/pages"}],"about":[{"href":"https:\/\/dearlisbon.com\/galleryhouse\/wp-json\/wp\/v2\/types\/page"}],"author":[{"embeddable":true,"href":"https:\/\/dearlisbon.com\/galleryhouse\/wp-json\/wp\/v2\/users\/1"}],"replies":[{"embeddable":true,"href":"https:\/\/dearlisbon.com\/galleryhouse\/wp-json\/wp\/v2\/comments?post=824"}],"version-history":[{"count":1,"href":"https:\/\/dearlisbon.com\/galleryhouse\/wp-json\/wp\/v2\/pages\/824\/revisions"}],"predecessor-version":[{"id":825,"href":"https:\/\/dearlisbon.com\/galleryhouse\/wp-json\/wp\/v2\/pages\/824\/revisions\/825"}],"wp:attachment":[{"href":"https:\/\/dearlisbon.com\/galleryhouse\/wp-json\/wp\/v2\/media?parent=824"}],"curies":[{"name":"wp","href":"https:\/\/api.w.org\/{rel}","templated":true}]}}